{"id":128,"date":"2017-10-20T06:08:52","date_gmt":"2017-10-20T06:08:52","guid":{"rendered":"http:\/\/59744508.swh.strato-hosting.eu\/eliszis\/site\/remake2017\/?page_id=128"},"modified":"2022-03-09T17:13:16","modified_gmt":"2022-03-09T16:13:16","slug":"faq-impressum","status":"publish","type":"page","link":"https:\/\/www.eliszis.de\/?page_id=128","title":{"rendered":"FAQ &#038; Impressum"},"content":{"rendered":"<div id=\"pl-128\"  class=\"panel-layout\" ><div id=\"pg-128-0\"  class=\"panel-grid panel-no-style\" ><div id=\"pgc-128-0-0\"  class=\"panel-grid-cell\" ><div id=\"panel-128-0-0-0\" class=\"so-panel widget widget_sow-accordion panel-first-child\" data-index=\"0\" ><div\n\t\t\t\n\t\t\tclass=\"so-widget-sow-accordion so-widget-sow-accordion-default-99be652ed941-128\"\n\t\t\t\n\t\t><h3 class=\"widget-title\">Frequently Asked Questions (FAQ)<\/h3><div>\n\t<div class=\"sow-accordion\">\n\t\t\t<div class=\"sow-accordion-panel\n\t\t\t\t\t\"\n\t\t\t\tdata-anchor-id=\"wann-hat-der-jahrmarkt-geoeffnet\">\n\t\t\t\t\t<div class=\"sow-accordion-panel-header-container\" role=\"heading\" aria-level=\"2\">\n\t\t\t\t\t<div class=\"sow-accordion-panel-header\" tabindex=\"0\" role=\"button\" id=\"accordion-label-wann-hat-der-jahrmarkt-ge%c3%b6ffnet\" aria-controls=\"accordion-content-wann-hat-der-jahrmarkt-ge%c3%b6ffnet\" aria-expanded=\"false\">\n\t\t\t\t\t\t<div class=\"sow-accordion-title sow-accordion-title-icon-left\">\n\t\t\t\t\t\t\t\t\t\t\t\t\t\tWann hat der Jahrmarkt ge\u00f6ffnet?\t\t\t\t\t\t\t\t\t\t\t\t\t<\/div>\n\t\t\t\t\t\t<div class=\"sow-accordion-open-close-button\">\n\t\t\t\t\t\t\t<div class=\"sow-accordion-open-button\">\n\t\t\t\t\t\t\t\t<span class=\"sow-icon-ionicons\" data-sow-icon=\"&#xf218;\"\n\t\t \n\t\taria-hidden=\"true\"><\/span>\t\t\t\t\t\t\t<\/div>\n\t\t\t\t\t\t\t<div class=\"sow-accordion-close-button\">\n\t\t\t\t\t\t\t\t<span class=\"sow-icon-ionicons\" data-sow-icon=\"&#xf209;\"\n\t\t \n\t\taria-hidden=\"true\"><\/span>\t\t\t\t\t\t\t<\/div>\n\t\t\t\t\t\t<\/div>\n\t\t\t\t\t<\/div>\n\t\t\t\t<\/div>\n\n\t\t\t<div\n\t\t\t\tclass=\"sow-accordion-panel-content\"\n\t\t\t\trole=\"region\"\n\t\t\t\taria-labelledby=\"accordion-label-wann-hat-der-jahrmarkt-ge%c3%b6ffnet\"\n\t\t\t\tid=\"accordion-content-wann-hat-der-jahrmarkt-ge%c3%b6ffnet\"\n\t\t\t\tstyle=\"display: none;\"\t\t\t>\n\t\t\t\t<div class=\"sow-accordion-panel-border\">\n\t\t\t\t\t<p>Wir haben von April bis Anfang November ge\u00f6ffnet:<\/p>\n<p>In der Regel <strong>Mo. bis Fr. ab 14 Uhr bzw. an Wochenenden und Feiertagen<\/strong>\u00a0<strong>ab 11 Uhr.<\/strong><\/p>\n<p>Wir schliessen in der Regel zwischen 19 und 23 Uhr (je nach Witterung und ob am Abend eine Veranstaltung stattfindet).<\/p>\n\t\t\t\t<\/div>\n\t\t\t<\/div>\n\t\t<\/div>\n\t\t\t<div class=\"sow-accordion-panel\n\t\t\t\t\t\"\n\t\t\t\tdata-anchor-id=\"wo-befindet-sich-der-jahrmarkt\">\n\t\t\t\t\t<div class=\"sow-accordion-panel-header-container\" role=\"heading\" aria-level=\"2\">\n\t\t\t\t\t<div class=\"sow-accordion-panel-header\" tabindex=\"0\" role=\"button\" id=\"accordion-label-wo-befindet-sich-der-jahrmarkt\" aria-controls=\"accordion-content-wo-befindet-sich-der-jahrmarkt\" aria-expanded=\"false\">\n\t\t\t\t\t\t<div class=\"sow-accordion-title sow-accordion-title-icon-left\">\n\t\t\t\t\t\t\t\t\t\t\t\t\t\tWo befindet sich der Jahrmarkt?\t\t\t\t\t\t\t\t\t\t\t\t\t<\/div>\n\t\t\t\t\t\t<div class=\"sow-accordion-open-close-button\">\n\t\t\t\t\t\t\t<div class=\"sow-accordion-open-button\">\n\t\t\t\t\t\t\t\t<span class=\"sow-icon-ionicons\" data-sow-icon=\"&#xf218;\"\n\t\t \n\t\taria-hidden=\"true\"><\/span>\t\t\t\t\t\t\t<\/div>\n\t\t\t\t\t\t\t<div class=\"sow-accordion-close-button\">\n\t\t\t\t\t\t\t\t<span class=\"sow-icon-ionicons\" data-sow-icon=\"&#xf209;\"\n\t\t \n\t\taria-hidden=\"true\"><\/span>\t\t\t\t\t\t\t<\/div>\n\t\t\t\t\t\t<\/div>\n\t\t\t\t\t<\/div>\n\t\t\t\t<\/div>\n\n\t\t\t<div\n\t\t\t\tclass=\"sow-accordion-panel-content\"\n\t\t\t\trole=\"region\"\n\t\t\t\taria-labelledby=\"accordion-label-wo-befindet-sich-der-jahrmarkt\"\n\t\t\t\tid=\"accordion-content-wo-befindet-sich-der-jahrmarkt\"\n\t\t\t\tstyle=\"display: none;\"\t\t\t>\n\t\t\t\t<div class=\"sow-accordion-panel-border\">\n\t\t\t\t\t<p>Eliszis Jahrmarktstheater befindet sich im H\u00f6henpark des Stuttgarter Killesbergparks. Sie finden uns dort am Fu\u00dfe des Aussichtsturms, welcher von weitem zu sehen ist.<\/p>\n<p>F\u00fcr die\u00a0<strong>Anreise mit \u00f6ffentlichen Verkehrsmitteln<\/strong> k\u00f6nnen Sie die U-Bahnlinie <strong>U5\u00a0<\/strong>sowie die Buslinien\u00a0<strong>43<\/strong>\u00a0und\u00a0<strong>44<\/strong>\u00a0nutzen, um zur\u00a0<strong>Haltestelle Stuttgart-Killesberg<\/strong> zu gelangen. Alternativ ist auch die <strong>Haltestelle Pragsattel<\/strong> in der N\u00e4he vom Killesberg-Park.<\/p>\n<p>Wenn Sie an der\u00a0<strong>Stresemannstra\u00dfe<\/strong>\u00a0parken und dann den\u00a0<strong>Treppenaufgang der Disko Perkinspark<\/strong>\u00a0nehmen, sind es nur noch wenige Meter bis zu uns.<\/p>\n\t\t\t\t<\/div>\n\t\t\t<\/div>\n\t\t<\/div>\n\t\t\t<div class=\"sow-accordion-panel\n\t\t\t\t\t\"\n\t\t\t\tdata-anchor-id=\"wo-befindet-sich-das-theater-und-veranstaltungszelt\">\n\t\t\t\t\t<div class=\"sow-accordion-panel-header-container\" role=\"heading\" aria-level=\"2\">\n\t\t\t\t\t<div class=\"sow-accordion-panel-header\" tabindex=\"0\" role=\"button\" id=\"accordion-label-wo-befindet-sich-das-theater-und-veranstaltungszelt\" aria-controls=\"accordion-content-wo-befindet-sich-das-theater-und-veranstaltungszelt\" aria-expanded=\"false\">\n\t\t\t\t\t\t<div class=\"sow-accordion-title sow-accordion-title-icon-left\">\n\t\t\t\t\t\t\t\t\t\t\t\t\t\tWo befindet sich das Theater- und Veranstaltungszelt?\t\t\t\t\t\t\t\t\t\t\t\t\t<\/div>\n\t\t\t\t\t\t<div class=\"sow-accordion-open-close-button\">\n\t\t\t\t\t\t\t<div class=\"sow-accordion-open-button\">\n\t\t\t\t\t\t\t\t<span class=\"sow-icon-ionicons\" data-sow-icon=\"&#xf218;\"\n\t\t \n\t\taria-hidden=\"true\"><\/span>\t\t\t\t\t\t\t<\/div>\n\t\t\t\t\t\t\t<div class=\"sow-accordion-close-button\">\n\t\t\t\t\t\t\t\t<span class=\"sow-icon-ionicons\" data-sow-icon=\"&#xf209;\"\n\t\t \n\t\taria-hidden=\"true\"><\/span>\t\t\t\t\t\t\t<\/div>\n\t\t\t\t\t\t<\/div>\n\t\t\t\t\t<\/div>\n\t\t\t\t<\/div>\n\n\t\t\t<div\n\t\t\t\tclass=\"sow-accordion-panel-content\"\n\t\t\t\trole=\"region\"\n\t\t\t\taria-labelledby=\"accordion-label-wo-befindet-sich-das-theater-und-veranstaltungszelt\"\n\t\t\t\tid=\"accordion-content-wo-befindet-sich-das-theater-und-veranstaltungszelt\"\n\t\t\t\tstyle=\"display: none;\"\t\t\t>\n\t\t\t\t<div class=\"sow-accordion-panel-border\">\n\t\t\t\t\t<p>Unser Theater- und Veranstaltungszelt befindet sich direkt beim Jahrmarkt im H\u00f6henpark Killesberg, Stuttgart.<\/p>\n\t\t\t\t<\/div>\n\t\t\t<\/div>\n\t\t<\/div>\n\t\t\t<div class=\"sow-accordion-panel\n\t\t\t\t\t\"\n\t\t\t\tdata-anchor-id=\"duerfen-kinder-die-nicht-das-empfohlene-mindestalter-einer-vorfuehrung-haben-trotzdem-die-vorstellung-besuchen\">\n\t\t\t\t\t<div class=\"sow-accordion-panel-header-container\" role=\"heading\" aria-level=\"2\">\n\t\t\t\t\t<div class=\"sow-accordion-panel-header\" tabindex=\"0\" role=\"button\" id=\"accordion-label-d%c3%bcrfen-kinder-die-nicht-das-empfohlene-mindestalter-einer-vorf%c3%bchrung-haben-trotzdem-die-vorstellung-besuchen\" aria-controls=\"accordion-content-d%c3%bcrfen-kinder-die-nicht-das-empfohlene-mindestalter-einer-vorf%c3%bchrung-haben-trotzdem-die-vorstellung-besuchen\" aria-expanded=\"false\">\n\t\t\t\t\t\t<div class=\"sow-accordion-title sow-accordion-title-icon-left\">\n\t\t\t\t\t\t\t\t\t\t\t\t\t\tD\u00fcrfen Kinder, die nicht das empfohlene Mindestalter einer Vorf\u00fchrung haben, trotzdem die Vorstellung besuchen?\t\t\t\t\t\t\t\t\t\t\t\t\t<\/div>\n\t\t\t\t\t\t<div class=\"sow-accordion-open-close-button\">\n\t\t\t\t\t\t\t<div class=\"sow-accordion-open-button\">\n\t\t\t\t\t\t\t\t<span class=\"sow-icon-ionicons\" data-sow-icon=\"&#xf218;\"\n\t\t \n\t\taria-hidden=\"true\"><\/span>\t\t\t\t\t\t\t<\/div>\n\t\t\t\t\t\t\t<div class=\"sow-accordion-close-button\">\n\t\t\t\t\t\t\t\t<span class=\"sow-icon-ionicons\" data-sow-icon=\"&#xf209;\"\n\t\t \n\t\taria-hidden=\"true\"><\/span>\t\t\t\t\t\t\t<\/div>\n\t\t\t\t\t\t<\/div>\n\t\t\t\t\t<\/div>\n\t\t\t\t<\/div>\n\n\t\t\t<div\n\t\t\t\tclass=\"sow-accordion-panel-content\"\n\t\t\t\trole=\"region\"\n\t\t\t\taria-labelledby=\"accordion-label-d%c3%bcrfen-kinder-die-nicht-das-empfohlene-mindestalter-einer-vorf%c3%bchrung-haben-trotzdem-die-vorstellung-besuchen\"\n\t\t\t\tid=\"accordion-content-d%c3%bcrfen-kinder-die-nicht-das-empfohlene-mindestalter-einer-vorf%c3%bchrung-haben-trotzdem-die-vorstellung-besuchen\"\n\t\t\t\tstyle=\"display: none;\"\t\t\t>\n\t\t\t\t<div class=\"sow-accordion-panel-border\">\n\t\t\t\t\t<p>Da jedes Kind anders ist, m\u00fcssen Sie selbst einsch\u00e4tzen, wie \u00e4ngstlich Ihr Kind ist. Das beim jeweiligen Programm angegebene Alter soll Ihnen dabei als Orientierungshilfe dienen. Jedoch sollte generell bei kleineren Kindern wenigstens eine Begleitperson mit in der Vorf\u00fchrung sein.<\/p>\n\t\t\t\t<\/div>\n\t\t\t<\/div>\n\t\t<\/div>\n\t\t\t<div class=\"sow-accordion-panel\n\t\t\t\t\t\"\n\t\t\t\tdata-anchor-id=\"was-bedeutet-eintritt-spende-z-b-bei-manchen-tangoveranstaltungen\">\n\t\t\t\t\t<div class=\"sow-accordion-panel-header-container\" role=\"heading\" aria-level=\"2\">\n\t\t\t\t\t<div class=\"sow-accordion-panel-header\" tabindex=\"0\" role=\"button\" id=\"accordion-label-was-bedeutet-eintritt-spende-z-b-bei-manchen-tangoveranstaltungen\" aria-controls=\"accordion-content-was-bedeutet-eintritt-spende-z-b-bei-manchen-tangoveranstaltungen\" aria-expanded=\"false\">\n\t\t\t\t\t\t<div class=\"sow-accordion-title sow-accordion-title-icon-left\">\n\t\t\t\t\t\t\t\t\t\t\t\t\t\tWas bedeutet \"Eintritt: Spende\", z. B. bei manchen Tangoveranstaltungen?\t\t\t\t\t\t\t\t\t\t\t\t\t<\/div>\n\t\t\t\t\t\t<div class=\"sow-accordion-open-close-button\">\n\t\t\t\t\t\t\t<div class=\"sow-accordion-open-button\">\n\t\t\t\t\t\t\t\t<span class=\"sow-icon-ionicons\" data-sow-icon=\"&#xf218;\"\n\t\t \n\t\taria-hidden=\"true\"><\/span>\t\t\t\t\t\t\t<\/div>\n\t\t\t\t\t\t\t<div class=\"sow-accordion-close-button\">\n\t\t\t\t\t\t\t\t<span class=\"sow-icon-ionicons\" data-sow-icon=\"&#xf209;\"\n\t\t \n\t\taria-hidden=\"true\"><\/span>\t\t\t\t\t\t\t<\/div>\n\t\t\t\t\t\t<\/div>\n\t\t\t\t\t<\/div>\n\t\t\t\t<\/div>\n\n\t\t\t<div\n\t\t\t\tclass=\"sow-accordion-panel-content\"\n\t\t\t\trole=\"region\"\n\t\t\t\taria-labelledby=\"accordion-label-was-bedeutet-eintritt-spende-z-b-bei-manchen-tangoveranstaltungen\"\n\t\t\t\tid=\"accordion-content-was-bedeutet-eintritt-spende-z-b-bei-manchen-tangoveranstaltungen\"\n\t\t\t\tstyle=\"display: none;\"\t\t\t>\n\t\t\t\t<div class=\"sow-accordion-panel-border\">\n\t\t\t\t\t<p>Die Angabe \"Eintritt: Spende\" bedeutet, dass wir nicht explizit ein Eintrittsgeld von Ihnen verlangen. Dennoch w\u00fcrden wir uns \u00fcber eine Spende von Ihnen freuen. Damit tragen Sie dazu bei, dass wir derartige Veranstaltungen auch in Zukunft durchf\u00fchren k\u00f6nnen.<\/p>\n\t\t\t\t<\/div>\n\t\t\t<\/div>\n\t\t<\/div>\n\t\t\t<div class=\"sow-accordion-panel\n\t\t\t\t\t\"\n\t\t\t\tdata-anchor-id=\"warum-erhalte-ich-den-newsletter-nicht\">\n\t\t\t\t\t<div class=\"sow-accordion-panel-header-container\" role=\"heading\" aria-level=\"2\">\n\t\t\t\t\t<div class=\"sow-accordion-panel-header\" tabindex=\"0\" role=\"button\" id=\"accordion-label-warum-erhalte-ich-den-newsletter-nicht\" aria-controls=\"accordion-content-warum-erhalte-ich-den-newsletter-nicht\" aria-expanded=\"false\">\n\t\t\t\t\t\t<div class=\"sow-accordion-title sow-accordion-title-icon-left\">\n\t\t\t\t\t\t\t\t\t\t\t\t\t\tWarum erhalte ich den Newsletter nicht?\t\t\t\t\t\t\t\t\t\t\t\t\t<\/div>\n\t\t\t\t\t\t<div class=\"sow-accordion-open-close-button\">\n\t\t\t\t\t\t\t<div class=\"sow-accordion-open-button\">\n\t\t\t\t\t\t\t\t<span class=\"sow-icon-ionicons\" data-sow-icon=\"&#xf218;\"\n\t\t \n\t\taria-hidden=\"true\"><\/span>\t\t\t\t\t\t\t<\/div>\n\t\t\t\t\t\t\t<div class=\"sow-accordion-close-button\">\n\t\t\t\t\t\t\t\t<span class=\"sow-icon-ionicons\" data-sow-icon=\"&#xf209;\"\n\t\t \n\t\taria-hidden=\"true\"><\/span>\t\t\t\t\t\t\t<\/div>\n\t\t\t\t\t\t<\/div>\n\t\t\t\t\t<\/div>\n\t\t\t\t<\/div>\n\n\t\t\t<div\n\t\t\t\tclass=\"sow-accordion-panel-content\"\n\t\t\t\trole=\"region\"\n\t\t\t\taria-labelledby=\"accordion-label-warum-erhalte-ich-den-newsletter-nicht\"\n\t\t\t\tid=\"accordion-content-warum-erhalte-ich-den-newsletter-nicht\"\n\t\t\t\tstyle=\"display: none;\"\t\t\t>\n\t\t\t\t<div class=\"sow-accordion-panel-border\">\n\t\t\t\t\t<p>M\u00f6glicherweise landen unsere Rundmails in Ihrem Spamordner. Um dies zu verhindern empfiehlt es sich unsere Newsletteremailadresse in Ihrem Emailadressbuch abzuspeichern ( newsletter@strato-hosting.eu ).<br \/>\nFalls dies das Problem nicht l\u00f6st, befindet sich Ihre Emailadresse m\u00f6glicherweise nicht in unserem Verteiler. Melden Sie sich in diesem Fall einfach erneut zu unserem Newsletter an. Eine doppelte Eintragung von Emailadressen kann nicht passieren.<\/p>\n\t\t\t\t<\/div>\n\t\t\t<\/div>\n\t\t<\/div>\n\t\t\t<div class=\"sow-accordion-panel\n\t\t\t\t\t\"\n\t\t\t\tdata-anchor-id=\"wie-kann-ich-den-jahrmarkt-bzw-das-theater-zusaetzlich-unterstuetzen\">\n\t\t\t\t\t<div class=\"sow-accordion-panel-header-container\" role=\"heading\" aria-level=\"2\">\n\t\t\t\t\t<div class=\"sow-accordion-panel-header\" tabindex=\"0\" role=\"button\" id=\"accordion-label-wie-kann-ich-den-jahrmarkt-bzw-das-theater-zus%c3%a4tzlich-unterst%c3%bctzen\" aria-controls=\"accordion-content-wie-kann-ich-den-jahrmarkt-bzw-das-theater-zus%c3%a4tzlich-unterst%c3%bctzen\" aria-expanded=\"false\">\n\t\t\t\t\t\t<div class=\"sow-accordion-title sow-accordion-title-icon-left\">\n\t\t\t\t\t\t\t\t\t\t\t\t\t\tWie kann ich den Jahrmarkt bzw. das Theater zus\u00e4tzlich unterst\u00fctzen?\t\t\t\t\t\t\t\t\t\t\t\t\t<\/div>\n\t\t\t\t\t\t<div class=\"sow-accordion-open-close-button\">\n\t\t\t\t\t\t\t<div class=\"sow-accordion-open-button\">\n\t\t\t\t\t\t\t\t<span class=\"sow-icon-ionicons\" data-sow-icon=\"&#xf218;\"\n\t\t \n\t\taria-hidden=\"true\"><\/span>\t\t\t\t\t\t\t<\/div>\n\t\t\t\t\t\t\t<div class=\"sow-accordion-close-button\">\n\t\t\t\t\t\t\t\t<span class=\"sow-icon-ionicons\" data-sow-icon=\"&#xf209;\"\n\t\t \n\t\taria-hidden=\"true\"><\/span>\t\t\t\t\t\t\t<\/div>\n\t\t\t\t\t\t<\/div>\n\t\t\t\t\t<\/div>\n\t\t\t\t<\/div>\n\n\t\t\t<div\n\t\t\t\tclass=\"sow-accordion-panel-content\"\n\t\t\t\trole=\"region\"\n\t\t\t\taria-labelledby=\"accordion-label-wie-kann-ich-den-jahrmarkt-bzw-das-theater-zus%c3%a4tzlich-unterst%c3%bctzen\"\n\t\t\t\tid=\"accordion-content-wie-kann-ich-den-jahrmarkt-bzw-das-theater-zus%c3%a4tzlich-unterst%c3%bctzen\"\n\t\t\t\tstyle=\"display: none;\"\t\t\t>\n\t\t\t\t<div class=\"sow-accordion-panel-border\">\n\t\t\t\t\t<p>Viele Aufgaben im Bereich der \u00d6ffentlichkeitsarbeit k\u00f6nnen aufgrund mangelnder Kapazit\u00e4t derzeit nicht erledigt werden. Wenn Sie uns in einem dieser Bereiche unterst\u00fctzen k\u00f6nnen, freuen wir uns sehr \u00fcber Ihr Engagement.<\/p>\n<ul>\n<li>Zeitungen und Magazine kontaktieren<\/li>\n<li>Sondervorstellungen f\u00fcr Schulen und Kinderg\u00e4r-<br \/>\nten organisieren<\/li>\n<li>F\u00f6rdermittel aus \u00f6ffentlichen Mitteln beschaffen<br \/>\nund Sponsoren finden<\/li>\n<li>Weitere Menschen f\u00fcr unser Theater gewinnen:<br \/>\nEinfach weitererz\u00e4hlen, in den sozialen Netzwerken teilen, Flyer auslegen...<\/li>\n<\/ul>\n<p>Nat\u00fcrlich sind finanzielle Unterst\u00fctzungen ebenfalls eine sehr wichtige St\u00fctze um all diese Projekte erfolgreich fortf\u00fchren zu k\u00f6nnen.<\/p>\n<p>Mit einer Spende ab 100 EUR als Freund oder ab 600 EUR als G\u00f6nner k\u00f6nnen Sie die tolle Entwicklung von Eliszis Jahrmarktstheater e.V. stetig aufrecht erhalten.<\/p>\n<p>\u00dcberweisen Sie den Betrag an:<br \/>\nKontoinhaber: Eliszis Jahrmarktstheater e.V.<br \/>\nIBAN: DE79 6009 0100 0553 7090 03<br \/>\nBIC: VOBADESS<br \/>\nVerwendungszweck: Eliszis Theaterfreunde<\/p>\n<p>Bitte schicken Sie Ihre Kontaktdaten an Nino B\u00f6hm ( boehmni@gmail.com ), damit wir Ihnen regelm\u00e4\u00dfig alle Neuigkeiten \u00fcber Eliszis aktuelles Programm mitteilen und Ihnen umgehend eine Spendenbescheinigung ausstellen k\u00f6nnen!<\/p>\n\t\t\t\t<\/div>\n\t\t\t<\/div>\n\t\t<\/div>\n\t\t<\/div>\n<\/div>\n<\/div><\/div><div id=\"panel-128-0-0-1\" class=\"so-panel widget widget_sow-editor panel-last-child\" data-index=\"1\" ><div\n\t\t\t\n\t\t\tclass=\"so-widget-sow-editor so-widget-sow-editor-base\"\n\t\t\t\n\t\t><h3 class=\"widget-title\">Impressum<\/h3>\n<div class=\"siteorigin-widget-tinymce textwidget\">\n\t<p>Angaben gem\u00e4\u00df \u00a7 5 TMG:<\/p>\n<p><strong>Anbieter<\/strong><\/p>\n<p>Eliszis Jahrmarktstheater<\/p>\n<p>Firma Uwe Kircher<br \/>\nHauptstr. 64<\/p>\n<p>74930 Ittlingen<\/p>\n<p><strong>Steuernummer<\/strong><\/p>\n<p>65 199 173 07<\/p>\n<p><strong>Kontakt<\/strong><\/p>\n<p>theoldcarousel@gmail.com<\/p>\n<p>0711\/2572815<br \/>\n0172\/6024385<br \/>\n07266\/3451<\/p>\n<h2 align=\"center\">Haftungsausschluss<\/h2>\n<p><strong>Haftung f\u00fcr Inhalte<\/strong><\/p>\n<p>Die Inhalte unserer Seiten wurden mit gr\u00f6\u00dfter Sorgfalt erstellt. F\u00fcr die Richtigkeit, Vollst\u00e4ndigkeit und Aktualit\u00e4t der Inhalte k\u00f6nnen wir jedoch keine Gew\u00e4hr \u00fcbernehmen. Als Diensteanbieter sind wir gem\u00e4\u00df \u00a7 7 Abs.1 TMG f\u00fcr eigene Inhalte auf diesen Seiten nach den allgemeinen Gesetzen verantwortlich. Nach \u00a7\u00a7 8 bis 10 TMG sind wir als Diensteanbieter jedoch nicht verpflichtet, \u00fcbermittelte oder gespeicherte fremde Informationen zu \u00fcberwachen oder nach Umst\u00e4nden zu forschen, die auf eine rechtswidrige T\u00e4tigkeit hinweisen. Verpflichtungen zur Entfernung oder Sperrung der Nutzung von Informationen nach den allgemeinen Gesetzen bleiben hiervon unber\u00fchrt. Eine diesbez\u00fcgliche Haftung ist jedoch erst ab dem Zeitpunkt der Kenntnis einer konkreten Rechtsverletzung m\u00f6glich. Bei Bekanntwerden von entsprechenden Rechtsverletzungen werden wir diese Inhalte umgehend entfernen.<\/p>\n<p><strong>Haftung f\u00fcr Links<\/strong><\/p>\n<p>Unser Angebot enth\u00e4lt Links zu externen Webseiten Dritter, auf deren Inhalte wir keinen Einfluss haben. Deshalb k\u00f6nnen wir f\u00fcr diese fremden Inhalte auch keine Gew\u00e4hr \u00fcbernehmen. F\u00fcr die Inhalte der verlinkten Seiten ist stets der jeweilige Anbieter oder Betreiber der Seiten verantwortlich. Die verlinkten Seiten wurden zum Zeitpunkt der Verlinkung auf m\u00f6gliche Rechtsverst\u00f6\u00dfe \u00fcberpr\u00fcft. Rechtswidrige Inhalte waren zum Zeitpunkt der Verlinkung nicht erkennbar. Eine permanente inhaltliche Kontrolle der verlinkten Seiten ist jedoch ohne konkrete Anhaltspunkte einer Rechtsverletzung nicht zumutbar. Bei Bekanntwerden von Rechtsverletzungen werden wir derartige Links umgehend entfernen.<\/p>\n<p><strong>Urheberrecht<\/strong><\/p>\n<p>Die durch die Seitenbetreiber erstellten Inhalte und Werke auf diesen Seiten unterliegen dem deutschen Urheberrecht. Die Vervielf\u00e4ltigung, Bearbeitung, Verbreitung und jede Art der Verwertung au\u00dferhalb der Grenzen des Urheberrechtes bed\u00fcrfen der schriftlichen Zustimmung des jeweiligen Autors bzw. Erstellers. Downloads und Kopien dieser Seite sind nur f\u00fcr den privaten, nicht kommerziellen Gebrauch gestattet. Soweit die Inhalte auf dieser Seite nicht vom Betreiber erstellt wurden, werden die Urheberrechte Dritter beachtet. Insbesondere werden Inhalte Dritter als solche gekennzeichnet. Sollten Sie trotzdem auf eine Urheberrechtsverletzung aufmerksam werden, bitten wir um einen entsprechenden Hinweis. Bei Bekanntwerden von Rechtsverletzungen werden wir derartige Inhalte umgehend entfernen.<\/p>\n<p><strong>Datenschutz<\/strong><\/p>\n<p>Die Nutzung unserer Webseite ist in der Regel ohne Angabe personenbezogener Daten m\u00f6glich. Soweit auf unseren Seiten personenbezogene Daten (beispielsweise Name, Anschrift oder eMail-Adressen) erhoben werden, erfolgt dies, soweit m\u00f6glich, stets auf freiwilliger Basis. Diese Daten werden ohne Ihre ausdr\u00fcckliche Zustimmung nicht an Dritte weitergegeben.<\/p>\n<p>Wir weisen darauf hin, dass die Daten\u00fcbertragung im Internet (z.B. bei der Kommunikation per E-Mail) Sicherheitsl\u00fccken aufweisen kann. Ein l\u00fcckenloser Schutz der Daten vor dem Zugriff durch Dritte ist nicht m\u00f6glich.<\/p>\n<p>Der Nutzung von im Rahmen der Impressumspflicht ver\u00f6ffentlichten Kontaktdaten durch Dritte zur \u00dcbersendung von nicht ausdr\u00fccklich angeforderter Werbung und Informationsmaterialien wird hiermit ausdr\u00fccklich widersprochen. Die Betreiber der Seiten behalten sich ausdr\u00fccklich rechtliche Schritte im Falle der unverlangten Zusendung von Werbeinformationen, etwa durch Spam-Mails, vor.<\/p>\n<p>Quelle:\u00a0<i><a href=\"http:\/\/www.e-recht24.de\/muster-disclaimer.htm\" target=\"_blank\" rel=\"noopener\">Disclaimer<\/a>\u00a0von eRecht24, dem Portal zum Internetrecht von\u00a0<a href=\"http:\/\/www.e-recht24.de\/\" target=\"_blank\" rel=\"noopener\">Rechtsanwalt<\/a>\u00a0S\u00f6ren Siebert.<\/i><\/p>\n<h2 align=\"center\">Datenschutz-Hinweise<\/h2>\n<p>Diese Website benutzt Google Analytics, einen Webanalysedienst der Google Inc. (\"Google\"). Google Analytics verwendet sog. \"Cookies\", Textdateien, die auf Ihrem Computer gespeichert werden und die eine Analyse der Benutzung der Website durch Sie erm\u00f6glichen. Die durch den Cookie erzeugten Informationen \u00fcber Ihre Benutzung dieser Website (einschlie\u00dflich Ihrer IP-Adresse) wird an einen Server von Google in den USA \u00fcbertragen und dort gespeichert. Google wird diese Informationen benutzen, um Ihre Nutzung der Website auszuwerten, um Reports \u00fcber die Websiteaktivit\u00e4ten f\u00fcr die Websitebetreiber zusammenzustellen und um weitere mit der Websitenutzung und der Internetnutzung verbundene Dienstleistungen zu erbringen. Auch wird Google diese Informationen gegebenenfalls an Dritte \u00fcbertragen, sofern dies gesetzlich vorgeschrieben oder soweit Dritte diese Daten im Auftrag von Google verarbeiten. Google wird in keinem Fall Ihre IP-Adresse mit anderen Daten von Google in Verbindung bringen. Sie k\u00f6nnen die Installation der Cookies durch eine entsprechende Einstellung Ihrer Browser Software verhindern; wir weisen Sie jedoch darauf hin, dass Sie in diesem Fall gegebenenfalls nicht s\u00e4mtliche Funktionen dieser Website vollumf\u00e4nglich nutzen k\u00f6nnen. Durch die Nutzung dieser Website erkl\u00e4ren Sie sich mit der Bearbeitung der \u00fcber Sie erhobenen Daten durch Google in der zuvor beschriebenen Art und Weise und zu dem zuvor benannten Zweck einverstanden.<\/p>\n<\/div>\n<\/div><\/div><\/div><\/div><\/div>","protected":false},"excerpt":{"rendered":"<p>Angaben gem\u00e4\u00df \u00a7 5 TMG: Anbieter Eliszis Jahrmarktstheater Firma Uwe Kircher Hauptstr. 64 74930 Ittlingen Steuernummer 65 199 173 07&hellip; <a class=\"read-more\" href=\"https:\/\/www.eliszis.de\/?page_id=128\">Read more <span class=\"screen-reader-text\">FAQ &#038; Impressum<\/span><\/a><\/p>\n","protected":false},"author":1,"featured_media":0,"parent":0,"menu_order":6,"comment_status":"closed","ping_status":"closed","template":"","meta":{"_exactmetrics_skip_tracking":false,"_exactmetrics_sitenote_active":false,"_exactmetrics_sitenote_note":"","_exactmetrics_sitenote_category":0,"footnotes":""},"class_list":["post-128","page","type-page","status-publish","hentry"],"_links":{"self":[{"href":"https:\/\/www.eliszis.de\/index.php?rest_route=\/wp\/v2\/pages\/128","targetHints":{"allow":["GET"]}}],"collection":[{"href":"https:\/\/www.eliszis.de\/index.php?rest_route=\/wp\/v2\/pages"}],"about":[{"href":"https:\/\/www.eliszis.de\/index.php?rest_route=\/wp\/v2\/types\/page"}],"author":[{"embeddable":true,"href":"https:\/\/www.eliszis.de\/index.php?rest_route=\/wp\/v2\/users\/1"}],"replies":[{"embeddable":true,"href":"https:\/\/www.eliszis.de\/index.php?rest_route=%2Fwp%2Fv2%2Fcomments&post=128"}],"version-history":[{"count":13,"href":"https:\/\/www.eliszis.de\/index.php?rest_route=\/wp\/v2\/pages\/128\/revisions"}],"predecessor-version":[{"id":1660,"href":"https:\/\/www.eliszis.de\/index.php?rest_route=\/wp\/v2\/pages\/128\/revisions\/1660"}],"wp:attachment":[{"href":"https:\/\/www.eliszis.de\/index.php?rest_route=%2Fwp%2Fv2%2Fmedia&parent=128"}],"curies":[{"name":"wp","href":"https:\/\/api.w.org\/{rel}","templated":true}]}}