{"id":33,"date":"2017-09-17T09:55:09","date_gmt":"2017-09-17T09:55:09","guid":{"rendered":"http:\/\/59744508.swh.strato-hosting.eu\/eliszis\/site\/remake2017\/?page_id=33"},"modified":"2025-05-20T06:53:56","modified_gmt":"2025-05-20T04:53:56","slug":"ueber-uns","status":"publish","type":"page","link":"https:\/\/www.eliszis.de\/?page_id=33","title":{"rendered":"\u00dcber uns"},"content":{"rendered":"<div id=\"pl-33\"  class=\"panel-layout\" ><div id=\"pg-33-0\"  class=\"panel-grid panel-no-style\" ><div id=\"pgc-33-0-0\"  class=\"panel-grid-cell\" ><div id=\"panel-33-0-0-0\" class=\"so-panel widget widget_sow-editor panel-first-child\" data-index=\"0\" ><div\n\t\t\t\n\t\t\tclass=\"so-widget-sow-editor so-widget-sow-editor-base\"\n\t\t\t\n\t\t>\n<div class=\"siteorigin-widget-tinymce textwidget\">\n\t<p>Eliszis Jahrmarktstheater, ein echter Familienbetrieb, gastiert bereits seit 1995 im Stuttgarter H\u00f6henpark-Killesberg zwischen der wundersch\u00f6nen Sommerblumenwiese und dem Killesbergturm.<\/p>\n<\/div>\n<\/div><\/div><div id=\"panel-33-0-0-1\" class=\"so-panel widget widget_sow-image\" data-index=\"1\" ><div\n\t\t\t\n\t\t\tclass=\"so-widget-sow-image so-widget-sow-image-default-8b5b6f678277-33\"\n\t\t\t\n\t\t>\n<div class=\"sow-image-container\">\n\t\t<img \n\tsrc=\"https:\/\/www.eliszis.de\/wp-content\/uploads\/2017\/12\/Jahrmarkts-Familie.jpg\" width=\"1200\" height=\"900\" srcset=\"https:\/\/www.eliszis.de\/wp-content\/uploads\/2017\/12\/Jahrmarkts-Familie.jpg 1200w, https:\/\/www.eliszis.de\/wp-content\/uploads\/2017\/12\/Jahrmarkts-Familie-300x225.jpg 300w, https:\/\/www.eliszis.de\/wp-content\/uploads\/2017\/12\/Jahrmarkts-Familie-768x576.jpg 768w, https:\/\/www.eliszis.de\/wp-content\/uploads\/2017\/12\/Jahrmarkts-Familie-1024x768.jpg 1024w, https:\/\/www.eliszis.de\/wp-content\/uploads\/2017\/12\/Jahrmarkts-Familie-660x495.jpg 660w\" sizes=\"(max-width: 1200px) 100vw, 1200px\" title=\"Historischer Jahrmarkt und Theater, Stuttgart - Team, Familie vor Karussell\" alt=\"Historischer Jahrmarkt und Theater, Stuttgart - Team, Familie vor Karussell\" \t\tclass=\"so-widget-image\"\/>\n\t<\/div>\n\n<\/div><\/div><div id=\"panel-33-0-0-2\" class=\"so-panel widget widget_sow-editor\" data-index=\"2\" ><div\n\t\t\t\n\t\t\tclass=\"so-widget-sow-editor so-widget-sow-editor-base\"\n\t\t\t\n\t\t>\n<div class=\"siteorigin-widget-tinymce textwidget\">\n\t<p><em>Die Tr\u00e4umeverwirklicher (von links nach rechts): Eliszi (Clown, Theater und Management), Sohn Vanesco (IT und Marketing), Tochter Fabia (Gastronomie, Kost\u00fcm- und Modedesign), Sohn Nino (Tanz und Akrobatik), Uwe (T\u00fcftler und Unternehmer).<\/em><\/p>\n<\/div>\n<\/div><\/div><div id=\"panel-33-0-0-3\" class=\"so-panel widget widget_sow-editor panel-last-child\" data-index=\"3\" ><div\n\t\t\t\n\t\t\tclass=\"so-widget-sow-editor so-widget-sow-editor-base\"\n\t\t\t\n\t\t>\n<div class=\"siteorigin-widget-tinymce textwidget\">\n\t<p>Eliszis Jahrmarktstheater enstand aus der Verbindung von Eliszi, die seit \u00fcber 30 Jahren im H\u00f6henpark Clown, Kasperle und Figurentheater spielt und Uwe Kircher, der f\u00fcr Eliszis Kasper ein Theater in den \u00fcber 100 Jahre alten Circuswagen baute. Das war vor ca. 20 Jahren. Bis dahin mussten die Zuschauer einen Regenschirm mit zum Theater bringen.<\/p>\n<p>Kurze Zeit sp\u00e4ter wurde der alte Theaterwagen durch ein romantisches Spiegelzelt ersetzt, welches urspr\u00fcnglich das Karussellhaus eines Sportkarussells war. An diesem einzigartigen Veranstaltungsort finden neben dem Nachmittagsprogramm auch viele Abendveranstaltungen mit Tanz, Musik und Theater statt.<\/p>\n<p>Uwe Kircher st\u00f6bert das ganze Jahr nach alten Jahrmarktsteilen. Die Hutwurfbude lag viele Jahre eingestaubt auf einem Dachboden, bis Kircher sie dort fand und wieder in Stand setzte. In fr\u00fcheren Zeiten hatte die Bude, (damals noch in dreifacher Breite) unsere \u00e4lteren Mitmenschen auf dem Cannstatter Wasen erfreut.<\/p>\n<p>Vor der T\u00e4tigkeit als Schausteller reparierte Uwe Kircher unter anderem historische Autos in einer Werkstatt. Dies waren seine liebsten Auftr\u00e4ge. In der Winterzeit, w\u00e4hrend Eliszi neue Puppen und Theaterst\u00fccke entwirft und erarbeitet, restauriert Kircher, mit viel Geduld und Liebe zum Detail, in Eigenarbeit all die alten Fahr- und Vergn\u00fcgungsgesch\u00e4fte.<\/p>\n<p>Mittlerweile verf\u00fcgt der Jahrmarkt \u00fcber ein Vielzahl von einzigartigen Fahrgesch\u00e4ften: Das historische Karussell, eine traditionelle Schiffschaukel und anl\u00e4sslich unseres Zehn-J\u00e4hrigen Jubil\u00e4ums wurde auch der Schwanen-Kettenflieger, einer der letzten noch erhaltenen dieser Art, aufgebaut, welchen ansonsten aufgrund der begrenzten Fl\u00e4che im Park nicht aufgebaut wird. Der Jahrmarkt wird noch durch eine aufwendig restaurierte Zugmaschine sowie durch eine Jahrmarktsorgel erg\u00e4nzt. Mehrere sch\u00f6n restaurierte historische Zirkuswagen runden das Gesamtbild ab.<\/p>\n<p>Die Liebe zum Circus und Jahrmarkt steckte bei Eliszi schon in den Kinderschuhen. Ihre Mutter konnte sie von dort nur unter Tr\u00e4nen wieder nach Hause bringen. Besonders hing ihr Herz an den Pferden, Clowns und Seilt\u00e4nzern. Das ist auch bis heute so geblieben.<\/p>\n<p>Schon in der Schulzeit f\u00fchrte Eliszi ihr erstes Clownprogramm auf. Es folgten Gastspiele in einigen Circussen und auf einer Vielzahl verschiedener B\u00fchnen. Sie gewann auch einige erste Preise bei Nachwuchswettbewerben. Um ihre F\u00e4higkeiten als Puppenspielerin und als Clown noch zu perfektionieren besuchte sie unter Anderem die Gesangs- und Schauspielschule in Z\u00fcrich. Sie spielte in den Fernsehproduktionen \"Ein M\u00e4dchen will Clown werden\" und \"Kids in der Manege\" mit. Auch die Landesschau entdeckte Clown Eliszi vor vielen Jahren auf dem historischen Jahrmarkt.<\/p>\n<p>2008 f\u00fchrte die Clownin Eliszi durch das Programm vom Neu-Ulmer Weihnachtscircus. Dort traten auch ihre S\u00f6hne als Breakdancer der Gruppe\u00a0<a href=\"http:\/\/www.floorlegendz.com\/\" target=\"_blank\" rel=\"noopener\">Floor LegendZ<\/a>\u00a0auf.<\/p>\n<p>Ihre drei Kinder sind mit dem Circus und Jahrmarkt gro\u00df geworden und wirkten schon fr\u00fch bei Eliszis Clown- und Circuskursen mit. Inzwischen sind die Kinder erwachsen und unterst\u00fctzen das Schaustellerunternehmen mit ihren unterschiedlichen F\u00e4higkeiten.<\/p>\n<\/div>\n<\/div><\/div><\/div><\/div><\/div>","protected":false},"excerpt":{"rendered":"<p>Eliszis Jahrmarktstheater, ein echter Familienbetrieb, gastiert bereits seit 1995 im Stuttgarter H\u00f6henpark-Killesberg zwischen der wundersch\u00f6nen Sommerblumenwiese und dem Killesbergturm. Die&hellip; <a class=\"read-more\" href=\"https:\/\/www.eliszis.de\/?page_id=33\">Read more <span class=\"screen-reader-text\">\u00dcber uns<\/span><\/a><\/p>\n","protected":false},"author":1,"featured_media":0,"parent":0,"menu_order":3,"comment_status":"closed","ping_status":"closed","template":"","meta":{"_exactmetrics_skip_tracking":false,"_exactmetrics_sitenote_active":false,"_exactmetrics_sitenote_note":"","_exactmetrics_sitenote_category":0,"footnotes":""},"class_list":["post-33","page","type-page","status-publish","hentry"],"_links":{"self":[{"href":"https:\/\/www.eliszis.de\/index.php?rest_route=\/wp\/v2\/pages\/33","targetHints":{"allow":["GET"]}}],"collection":[{"href":"https:\/\/www.eliszis.de\/index.php?rest_route=\/wp\/v2\/pages"}],"about":[{"href":"https:\/\/www.eliszis.de\/index.php?rest_route=\/wp\/v2\/types\/page"}],"author":[{"embeddable":true,"href":"https:\/\/www.eliszis.de\/index.php?rest_route=\/wp\/v2\/users\/1"}],"replies":[{"embeddable":true,"href":"https:\/\/www.eliszis.de\/index.php?rest_route=%2Fwp%2Fv2%2Fcomments&post=33"}],"version-history":[{"count":5,"href":"https:\/\/www.eliszis.de\/index.php?rest_route=\/wp\/v2\/pages\/33\/revisions"}],"predecessor-version":[{"id":2142,"href":"https:\/\/www.eliszis.de\/index.php?rest_route=\/wp\/v2\/pages\/33\/revisions\/2142"}],"wp:attachment":[{"href":"https:\/\/www.eliszis.de\/index.php?rest_route=%2Fwp%2Fv2%2Fmedia&parent=33"}],"curies":[{"name":"wp","href":"https:\/\/api.w.org\/{rel}","templated":true}]}}