{"id":39,"date":"2017-09-17T10:01:28","date_gmt":"2017-09-17T10:01:28","guid":{"rendered":"http:\/\/59744508.swh.strato-hosting.eu\/eliszis\/site\/remake2017\/?page_id=39"},"modified":"2018-03-08T03:38:53","modified_gmt":"2018-03-08T02:38:53","slug":"jobs","status":"publish","type":"page","link":"https:\/\/www.eliszis.de\/?page_id=39","title":{"rendered":"Jobs"},"content":{"rendered":"<div id=\"pl-39\"  class=\"panel-layout\" ><div id=\"pg-39-0\"  class=\"panel-grid panel-no-style\" ><div id=\"pgc-39-0-0\"  class=\"panel-grid-cell\" ><div id=\"panel-39-0-0-0\" class=\"so-panel widget widget_sow-image panel-first-child\" data-index=\"0\" ><div\n\t\t\t\n\t\t\tclass=\"so-widget-sow-image so-widget-sow-image-default-8b5b6f678277-39\"\n\t\t\t\n\t\t>\n<div class=\"sow-image-container\">\n\t\t<img \n\tsrc=\"https:\/\/www.eliszis.de\/wp-content\/uploads\/2017\/12\/gastro-job.jpg\" width=\"600\" height=\"310\" srcset=\"https:\/\/www.eliszis.de\/wp-content\/uploads\/2017\/12\/gastro-job.jpg 600w, https:\/\/www.eliszis.de\/wp-content\/uploads\/2017\/12\/gastro-job-300x155.jpg 300w\" sizes=\"(max-width: 600px) 100vw, 600px\" title=\"Waffelb\u00e4ckerei, Gastronomie, Rummel, Bude, Volksfest, Jahrmarkt, Popcorn, Waffeln, Flammkuchen, Crepes, Eis, Kaffee\" alt=\"Waffelb\u00e4ckerei, Gastronomie, Rummel, Bude, Volksfest, Jahrmarkt, Popcorn, Waffeln, Flammkuchen, Crepes, Eis, Kaffee\" \t\tclass=\"so-widget-image\"\/>\n\t<\/div>\n\n<\/div><\/div><div id=\"panel-39-0-0-1\" class=\"so-panel widget widget_sow-editor\" data-index=\"1\" ><div\n\t\t\t\n\t\t\tclass=\"so-widget-sow-editor so-widget-sow-editor-base\"\n\t\t\t\n\t\t><h3 class=\"widget-title\">Helfende H\u00e4nde sind bei uns gerne gesehen!<\/h3>\n<div class=\"siteorigin-widget-tinymce textwidget\">\n\t<p>(1) W\u00e4hrend unserer Hauptsaison von M\u00e4rz bis Oktober ben\u00f6tigen wir\u00a0regelm\u00e4\u00dfig <strong>Aushilfskr\u00e4fte f\u00fcr Auf- und Abbau sowie im regul\u00e4ren Gastronomie- und Jahrmarktsbetrieb<\/strong>. Wenn ein<strong> freundlicher Umgang, Zuverl\u00e4ssigkeit, Leidenschaft und Enthusiasmus<\/strong> bei der <strong>Arbeit mit Kunden<\/strong> f\u00fcr Dich selbstverst\u00e4ndlich sind, dann bewerbe Dich doch bitte bei uns.<\/p>\n<p>Da die <strong>Arbeitszeiten oft am Wochenende bzw. am Nachmittag und Abend<\/strong> sind, ist dies auch interessant f\u00fcr Studenten. Arbeitsort ist unser historischer Jahrmarkt <strong>im H\u00f6henpark des Stuttgarter Killesbergs<\/strong>.<\/p>\n<p>(2) \u00dcber die Winterzeit haben wir auch Personalbedarf. Zum einen\u00a0sind wir bei diversen Weihnachtsm\u00e4rkten vertreten und zur Restauration und Instandhaltung unserer Fahrgesch\u00e4fte ben\u00f6tigen wir insbesondere Personen mit <strong>handwerklichen F\u00e4higkeiten<\/strong>.<\/p>\n<p>(3) Eine T\u00e4tigkeit im Bereich<strong>\u00a0\u00d6ffentlichkeitsarbeit sowie Verwaltungs- und Marketingt\u00e4tigkeiten<\/strong>\u00a0kann bei entsprechender Qualifizierung m\u00f6glich sein. Diese Stelle erfordert <strong>sehr gute Deutschkenntnisse in Wort und Schrift<\/strong> und einen ge\u00fcbten <strong>Umgang mit elektronischer Datenverarbeitung und digitalen Medien<\/strong>. Eine <strong>zuverl\u00e4ssige und proaktive Arbeitsweise<\/strong> sollten selbstverst\u00e4ndlich sein.<\/p>\n<p>Bitte erkundige Dich bei uns nach offenen Stellen und schicke uns Deinen Lebenslauf sowie eine aussagekr\u00e4ftige Bewerbung inklusive Angabe Deiner pr\u00e4ferierten Arbeitst\u00e4tigkeiten und Qualifikationen an\u00a0<strong>info@eliszis.de<\/strong>\u00a0.<\/p>\n<p>Eliszis Jahrmarktstheater freut sich auf Dich!<\/p>\n<\/div>\n<\/div><\/div><div id=\"panel-39-0-0-2\" class=\"so-panel widget widget_sow-image panel-last-child\" data-index=\"2\" ><div\n\t\t\t\n\t\t\tclass=\"so-widget-sow-image so-widget-sow-image-default-8b5b6f678277-39\"\n\t\t\t\n\t\t>\n<div class=\"sow-image-container\">\n\t\t<img \n\tsrc=\"https:\/\/www.eliszis.de\/wp-content\/uploads\/2017\/12\/karussellaufbau.jpg\" width=\"600\" height=\"371\" srcset=\"https:\/\/www.eliszis.de\/wp-content\/uploads\/2017\/12\/karussellaufbau.jpg 600w, https:\/\/www.eliszis.de\/wp-content\/uploads\/2017\/12\/karussellaufbau-300x186.jpg 300w\" sizes=\"(max-width: 600px) 100vw, 600px\" title=\"Karussell, Rummel, Bude, Volksfest, Jahrmarkt, Attraktion, Fahrgesch\u00e4ft, Schausteller, Theater, Stuttgart, Clown, Entertainment, Tango\" alt=\"Karussell, Rummel, Bude, Volksfest, Jahrmarkt, Attraktion, Fahrgesch\u00e4ft, Schausteller, Theater, Stuttgart, Clown, Entertainment, Tango\" \t\tclass=\"so-widget-image\"\/>\n\t<\/div>\n\n<\/div><\/div><\/div><\/div><\/div>","protected":false},"excerpt":{"rendered":"<p>(1) W\u00e4hrend unserer Hauptsaison von M\u00e4rz bis Oktober ben\u00f6tigen wir\u00a0regelm\u00e4\u00dfig Aushilfskr\u00e4fte f\u00fcr Auf- und Abbau sowie im regul\u00e4ren Gastronomie- und&hellip; <a class=\"read-more\" href=\"https:\/\/www.eliszis.de\/?page_id=39\">Read more <span class=\"screen-reader-text\">Jobs<\/span><\/a><\/p>\n","protected":false},"author":1,"featured_media":0,"parent":0,"menu_order":7,"comment_status":"closed","ping_status":"closed","template":"","meta":{"_exactmetrics_skip_tracking":false,"_exactmetrics_sitenote_active":false,"_exactmetrics_sitenote_note":"","_exactmetrics_sitenote_category":0,"footnotes":""},"class_list":["post-39","page","type-page","status-publish","hentry"],"_links":{"self":[{"href":"https:\/\/www.eliszis.de\/index.php?rest_route=\/wp\/v2\/pages\/39","targetHints":{"allow":["GET"]}}],"collection":[{"href":"https:\/\/www.eliszis.de\/index.php?rest_route=\/wp\/v2\/pages"}],"about":[{"href":"https:\/\/www.eliszis.de\/index.php?rest_route=\/wp\/v2\/types\/page"}],"author":[{"embeddable":true,"href":"https:\/\/www.eliszis.de\/index.php?rest_route=\/wp\/v2\/users\/1"}],"replies":[{"embeddable":true,"href":"https:\/\/www.eliszis.de\/index.php?rest_route=%2Fwp%2Fv2%2Fcomments&post=39"}],"version-history":[{"count":4,"href":"https:\/\/www.eliszis.de\/index.php?rest_route=\/wp\/v2\/pages\/39\/revisions"}],"predecessor-version":[{"id":735,"href":"https:\/\/www.eliszis.de\/index.php?rest_route=\/wp\/v2\/pages\/39\/revisions\/735"}],"wp:attachment":[{"href":"https:\/\/www.eliszis.de\/index.php?rest_route=%2Fwp%2Fv2%2Fmedia&parent=39"}],"curies":[{"name":"wp","href":"https:\/\/api.w.org\/{rel}","templated":true}]}}