{"id":590,"date":"2018-01-14T09:30:27","date_gmt":"2018-01-14T08:30:27","guid":{"rendered":"http:\/\/59744508.swh.strato-hosting.eu\/eliszis\/site\/?page_id=590"},"modified":"2025-05-20T07:00:25","modified_gmt":"2025-05-20T05:00:25","slug":"entertainment-stuttgart","status":"publish","type":"page","link":"https:\/\/www.eliszis.de\/?page_id=590","title":{"rendered":"Clownfrau Eliszi"},"content":{"rendered":"<div id=\"pl-590\"  class=\"panel-layout\" ><div id=\"pg-590-0\"  class=\"panel-grid panel-no-style\" ><div id=\"pgc-590-0-0\"  class=\"panel-grid-cell\" ><div id=\"panel-590-0-0-0\" class=\"so-panel widget widget_sow-image panel-first-child\" data-index=\"0\" ><div\n\t\t\t\n\t\t\tclass=\"so-widget-sow-image so-widget-sow-image-default-8b5b6f678277-590\"\n\t\t\t\n\t\t>\n<div class=\"sow-image-container\">\n\t\t<img \n\tsrc=\"https:\/\/www.eliszis.de\/wp-content\/uploads\/2018\/01\/clownin-eliszi-01.jpg\" width=\"700\" height=\"300\" srcset=\"https:\/\/www.eliszis.de\/wp-content\/uploads\/2018\/01\/clownin-eliszi-01.jpg 700w, https:\/\/www.eliszis.de\/wp-content\/uploads\/2018\/01\/clownin-eliszi-01-300x129.jpg 300w, https:\/\/www.eliszis.de\/wp-content\/uploads\/2018\/01\/clownin-eliszi-01-660x283.jpg 660w\" sizes=\"(max-width: 700px) 100vw, 700px\" title=\"Clown Eliszi - Entertainment Stuttgart, Zirkus, Theater, Comedy, Tanz, Musical\" alt=\"Clown Eliszi - Entertainment Stuttgart, Zirkus, Theater, Comedy, Tanz, Musical\" \t\tclass=\"so-widget-image\"\/>\n\t<\/div>\n\n<\/div><\/div><div id=\"panel-590-0-0-1\" class=\"so-panel widget widget_sow-editor\" data-index=\"1\" ><div\n\t\t\t\n\t\t\tclass=\"so-widget-sow-editor so-widget-sow-editor-base\"\n\t\t\t\n\t\t><h3 class=\"widget-title\">Referenzen<\/h3>\n<div class=\"siteorigin-widget-tinymce textwidget\">\n\t<p style=\"text-align: center;\"><a href=\"https:\/\/www.regio-tv.de\/mediathek\/video\/clown-frau-eliszi-feiert-40-jahre-jubilaeum\/\" target=\"_blank\" rel=\"noopener\">Reportage \"40 Jahre Clown Frau Eliszi\"<\/a> (Video)<\/p>\n<p style=\"text-align: center;\"><a href=\"http:\/\/www.chapiteau.de\/xmas\/0809\/ulm\/ulm.htm\" target=\"_blank\" rel=\"noopener\">Neu Ulmer Weihnachtszirkus<\/a> (Onlinebericht)<\/p>\n<p style=\"text-align: center;\"><a href=\"https:\/\/www.youtube.com\/watch?v=oQeRhfd3g4c\" target=\"_blank\" rel=\"noopener\">Neu Ulmer Weihnachtszirkus<\/a> (Video)<\/p>\n<p style=\"text-align: center;\"><a href=\"https:\/\/www.youtube.com\/watch?v=_YeUYt2YrUA\" target=\"_blank\" rel=\"noopener\">Abendprogramm \"Singin in the Rain\"<\/a>\u00a0(Video)<\/p>\n<p style=\"text-align: center;\"><a href=\"https:\/\/www.youtube.com\/watch?v=W9cadDBv6Mg\" target=\"_blank\" rel=\"noopener\">Zirkusfinale<\/a> (Video)<\/p>\n<p style=\"text-align: center;\"><a href=\"https:\/\/www.youtube.com\/watch?v=Eb1uHr-H_w8\" target=\"_blank\" rel=\"noopener\">Eliszi und Floor LegendZ<\/a> (Video)<\/p>\n<p style=\"text-align: center;\"><a href=\"http:\/\/www.zazzle.com\/healingartworks?rf=238908781636825538\" target=\"_blank\" rel=\"noopener\">Eliszis Heilbilder<\/a><\/p>\n<\/div>\n<\/div><\/div><div id=\"panel-590-0-0-2\" class=\"so-panel widget widget_sow-editor\" data-index=\"2\" ><div\n\t\t\t\n\t\t\tclass=\"so-widget-sow-editor so-widget-sow-editor-base\"\n\t\t\t\n\t\t><h3 class=\"widget-title\">Clownin Eliszi<\/h3>\n<div class=\"siteorigin-widget-tinymce textwidget\">\n\t<p style=\"text-align: center;\">Die Liebe zum Circus und Jahrmarkt steckte bei Eliszi (geb. 1961) schon in den Kinderschuhen. Ihre Mutter konnte sie von dort nur unter Tr\u00e4nen wieder nach Hause bringen. Besonders hing ihr Herz an den Pferden, Clowns und Seilt\u00e4nzern. Das ist auch bis heute so geblieben.<\/p>\n<p style=\"text-align: center;\">Schon in der Schulzeit f\u00fchrte Eliszi ihr erstes Clownprogramm auf, schrieb Lieder und Geschichten und baute eigene Spielfiguren.<\/p>\n<p style=\"text-align: center;\"><em>1979<\/em>\u00a0Film mit Jutta Netsch \"Ein M\u00e4dchen will Clown werden\" Bayrisches Fernsehen.<\/p>\n<p style=\"text-align: center;\">Es folgten Gastspiele in einigen Circussen und auf einer Vielzahl verschiedener B\u00fchnen. Auftritte an Festivals und Kleinkunstb\u00fchnen mit eigenen Liedern und Clownprogramm Stra\u00dfenmusik von Irrland bis Italien<\/p>\n<p style=\"text-align: center;\"><em>1981<\/em>\u00a0Ausbildung bei Clown N\u00f6gge \/ Stuttgart.<\/p>\n<p style=\"text-align: center;\"><em>1982<\/em>\u00a0als Clowns Eliszi und Eluio im Circus Carl Busch und Circus Brumbach.<\/p>\n<p style=\"text-align: center;\"><em>1983<\/em>\u00a0Schauspielschule Z\u00fcrich und Gesangsausbildung bei Maria Baldauf \/ Z\u00fcrich.<br \/>\nTournee mit Erwin Grosches Kindertheater.<\/p>\n<p style=\"text-align: center;\">Um ihre F\u00e4higkeiten als Puppenspielerin und als Clown noch zu perfektionieren besuchte sie unter Anderem die Gesangs- und Schauspielschule in Z\u00fcrich. Sie spielte in den Fernsehproduktionen \"Ein M\u00e4dchen will Clown werden\" und \"Kids in der Manege\" mit.<\/p>\n<p style=\"text-align: center;\">Auch die Landesschau entdeckte Clown Eliszi vor vielen Jahren auf dem hist. Jahrmarkt.<\/p>\n<p style=\"text-align: center;\"><em>1984<\/em>\u00a01. Preis beim Jugendmusikpreis Hannover.<br \/>\n\"Best of Sprungbrett\" Z\u00fcrich.<br \/>\nTeilnahme an der deutsch \/ franz\u00f6sischen Liedermacherwerkstatt.<br \/>\nIm Duo Eliszi und Eluio Circus Dimido.<\/p>\n<p style=\"text-align: center;\"><em>1986 - 1988<\/em>\u00a0Gr\u00fcndung und F\u00fchrung des Clowncircus \"Eliszi &amp; Pjie\" auf der Reise mit DIMIDOs historischem Jahrmarkt und auf B\u00fchnen.<\/p>\n<p style=\"text-align: center;\"><em>1989<\/em>\u00a0Eliszi \"SOLO\" an der Gala des internationalen Clownconvention England.<br \/>\nTournee mit Soloprogramm \"Entschuldigen Sie bitte\" (Abendprogramm).<br \/>\nAm Klavier begleitet u. a. von Georg Boe\u00dfner (heute renomierter Jazzmusiker).<\/p>\n<p style=\"text-align: center;\"><em>1990<\/em>\u00a0Circus Berolina.<\/p>\n<p style=\"text-align: center;\"><em>1991<\/em>\u00a0Weihnachtsrevue Ulm.<\/p>\n<p style=\"text-align: center;\"><em>1995<\/em>\u00a0Eliszi und ihr Mann Uwe Kircher gr\u00fcnden \"Eliszis Jahrmarktstheater\".<br \/>\nBis heute gastieren sie j\u00e4hrlich von April bis Oktober im Stuttgarter H\u00f6henpark.<\/p>\n<p style=\"text-align: center;\"><em>1996<\/em>\u00a0Leitung des Circus-Kurs f\u00fcr den Film \"Kids in der Manege\" des S\u00fcdwest 3.<\/p>\n<p style=\"text-align: center;\"><em>1999<\/em>\u00a0City Direkt<\/p>\n<p style=\"text-align: center;\"><em>2000<\/em>\u00a0Landesschau Mobil.<\/p>\n<p style=\"text-align: center;\">Eliszi arbeitet mit eigenen Pferden an Circuslektionen. Zu sehen waren diese in einem Bericht der Landesschau 2015.<\/p>\n<p style=\"text-align: center;\"><em>2004<\/em>\u00a0Produktion Figurenmusical \"Popcorn\" (Abendprogramm).<\/p>\n<p style=\"text-align: center;\"><em>2008\/2009<\/em>\u00a0f\u00fchrte die Clownin Eliszi durch das Programm vom Neu-Ulmer Weihnachtscircus.<br \/>\nDort berichtet auch der Regio TV \u00fcber Eliszis Gastspiel im Neu-Ulmer Weihnachtscircus.<br \/>\nMit im Programm waren auch ihre S\u00f6hne als Breakdancer der Gruppe\u00a0<a href=\"http:\/\/www.floorlegendz.com\/\" target=\"_blank\" rel=\"noopener noreferrer\">Floor LegendZ<\/a>.<\/p>\n<p style=\"text-align: center;\">Ihre drei Kinder waren von klein auf dabei. Sie wirkten bei den Clown- und Circuskursen mit, die Eliszi in den Ferien im Zelt anbot. Inzwischen sind die Kinder erwachsen und zum Teil selbst als Circus- und Breakdancetrainer t\u00e4tig.<\/p>\n<p style=\"text-align: center;\"><em>2015<\/em> Zum 20-J\u00e4hrigen Jubil\u00e4um berichten einige Medien, u. a. die Landesschau, ausf\u00fchlich \u00fcber Eliszi und Uwe Kircher und ihre Werke.<\/p>\n<p style=\"text-align: center;\">---<\/p>\n<p style=\"text-align: center;\">Seit 2009 Aus- und Weiterbildung bei verschiedenen Heilern. u. a. Sascha P\u00f6lzl, Norbekov, Clemens Kuby. Gordon Smith, Jesus Lopes, Alexander Vonlanten.<\/p>\n<p style=\"text-align: center;\">&gt;&gt;&gt; <a href=\"http:\/\/www.zazzle.com\/healingartworks?rf=238908781636825538\" target=\"_blank\" rel=\"noopener noreferrer\">Eliszis Heilbilder<\/a> &lt;&lt;&lt;<\/p>\n<\/div>\n<\/div><\/div><div id=\"panel-590-0-0-3\" class=\"so-panel widget widget_sow-image panel-last-child\" data-index=\"3\" ><div\n\t\t\t\n\t\t\tclass=\"so-widget-sow-image so-widget-sow-image-default-8b5b6f678277-590\"\n\t\t\t\n\t\t>\n<div class=\"sow-image-container\">\n\t\t<img \n\tsrc=\"https:\/\/www.eliszis.de\/wp-content\/uploads\/2018\/01\/clown-eliszi-06.jpg\" width=\"700\" height=\"500\" srcset=\"https:\/\/www.eliszis.de\/wp-content\/uploads\/2018\/01\/clown-eliszi-06.jpg 700w, https:\/\/www.eliszis.de\/wp-content\/uploads\/2018\/01\/clown-eliszi-06-300x214.jpg 300w, https:\/\/www.eliszis.de\/wp-content\/uploads\/2018\/01\/clown-eliszi-06-660x471.jpg 660w\" sizes=\"(max-width: 700px) 100vw, 700px\" title=\"Clown Eliszi - Entertainment Stuttgart, Zirkus, Theater, Comedy, Tanz, Musical, Musik, Unterhaltung, Gaudi\" alt=\"Clown Eliszi - Entertainment Stuttgart, Zirkus, Theater, Comedy, Tanz, Musical, Musik, Unterhaltung, Gaudi\" \t\tclass=\"so-widget-image\"\/>\n\t<\/div>\n\n<\/div><\/div><\/div><\/div><\/div>","protected":false},"excerpt":{"rendered":"<p>Reportage &#8220;40 Jahre Clown Frau Eliszi&#8221; (Video) Neu Ulmer Weihnachtszirkus (Onlinebericht) Neu Ulmer Weihnachtszirkus (Video) Abendprogramm &#8220;Singin in the Rain&#8221;\u00a0(Video)&hellip; <a class=\"read-more\" href=\"https:\/\/www.eliszis.de\/?page_id=590\">Read more <span class=\"screen-reader-text\">Clownfrau Eliszi<\/span><\/a><\/p>\n","protected":false},"author":1,"featured_media":0,"parent":0,"menu_order":0,"comment_status":"closed","ping_status":"closed","template":"","meta":{"_exactmetrics_skip_tracking":false,"_exactmetrics_sitenote_active":false,"_exactmetrics_sitenote_note":"","_exactmetrics_sitenote_category":0,"footnotes":""},"class_list":["post-590","page","type-page","status-publish","hentry"],"_links":{"self":[{"href":"https:\/\/www.eliszis.de\/index.php?rest_route=\/wp\/v2\/pages\/590","targetHints":{"allow":["GET"]}}],"collection":[{"href":"https:\/\/www.eliszis.de\/index.php?rest_route=\/wp\/v2\/pages"}],"about":[{"href":"https:\/\/www.eliszis.de\/index.php?rest_route=\/wp\/v2\/types\/page"}],"author":[{"embeddable":true,"href":"https:\/\/www.eliszis.de\/index.php?rest_route=\/wp\/v2\/users\/1"}],"replies":[{"embeddable":true,"href":"https:\/\/www.eliszis.de\/index.php?rest_route=%2Fwp%2Fv2%2Fcomments&post=590"}],"version-history":[{"count":16,"href":"https:\/\/www.eliszis.de\/index.php?rest_route=\/wp\/v2\/pages\/590\/revisions"}],"predecessor-version":[{"id":2143,"href":"https:\/\/www.eliszis.de\/index.php?rest_route=\/wp\/v2\/pages\/590\/revisions\/2143"}],"wp:attachment":[{"href":"https:\/\/www.eliszis.de\/index.php?rest_route=%2Fwp%2Fv2%2Fmedia&parent=590"}],"curies":[{"name":"wp","href":"https:\/\/api.w.org\/{rel}","templated":true}]}}